{"id":160,"date":"2021-09-07T23:08:58","date_gmt":"2021-09-08T02:08:58","guid":{"rendered":"http:\/\/www.thales-srl.com.ar\/?page_id=160"},"modified":"2021-10-14T16:25:01","modified_gmt":"2021-10-14T19:25:01","slug":"lideres-en-servicios-de-slickline","status":"publish","type":"page","link":"https:\/\/www.thales-srl.com.ar\/?page_id=160","title":{"rendered":"Lideres en servicios de Slickline"},"content":{"rendered":"\n<p>Proveemos servicios de Slickline y Productos para la industria del Oil &amp; Gas.<\/p>\n\n\n\n<p>Nuestros servicios de slickline cubren: eliminaci\u00f3n b\u00e1sica de incrustaciones, acumulaci\u00f3n de parafina y arena, maniobra con tapones, movimiento de v\u00e1lvulas, mediciones con memory, &nbsp;pescas y otras aplicaciones complejas de pozos. <\/p>\n\n\n\n<p>Nuestros productos incluyen: v\u00e1lvulas reguladoras de caudal de superficie y fondo de pozo, filtros de superficie, crossovers, sistemas de inyecci\u00f3n para pol\u00edmeros y sistemas de flow control entre otros.<\/p>\n","protected":false},"excerpt":{"rendered":"<p>Proveemos servicios de Slickline y Productos para la industria del Oil &amp; Gas. Nuestros servicios de slickline cubren: eliminaci\u00f3n b\u00e1sica de incrustaciones, acumulaci\u00f3n de parafina y arena, maniobra con tapones,&hellip;<a href=\"https:\/\/www.thales-srl.com.ar\/?page_id=160\" class=\"more-link\"><span class=\"more-button\">Continuar leyendo<span class=\"screen-reader-text\">Lideres en servicios de Slickline<\/span><\/span><\/a><\/p>\n","protected":false},"author":1,"featured_media":229,"parent":0,"menu_order":0,"comment_status":"closed","ping_status":"closed","template":"templates\/full-width-page.php","meta":{"footnotes":""},"class_list":["post-160","page","type-page","status-publish","has-post-thumbnail","hentry"],"_links":{"self":[{"href":"https:\/\/www.thales-srl.com.ar\/index.php?rest_route=\/wp\/v2\/pages\/160","targetHints":{"allow":["GET"]}}],"collection":[{"href":"https:\/\/www.thales-srl.com.ar\/index.php?rest_route=\/wp\/v2\/pages"}],"about":[{"href":"https:\/\/www.thales-srl.com.ar\/index.php?rest_route=\/wp\/v2\/types\/page"}],"author":[{"embeddable":true,"href":"https:\/\/www.thales-srl.com.ar\/index.php?rest_route=\/wp\/v2\/users\/1"}],"replies":[{"embeddable":true,"href":"https:\/\/www.thales-srl.com.ar\/index.php?rest_route=%2Fwp%2Fv2%2Fcomments&post=160"}],"version-history":[{"count":3,"href":"https:\/\/www.thales-srl.com.ar\/index.php?rest_route=\/wp\/v2\/pages\/160\/revisions"}],"predecessor-version":[{"id":230,"href":"https:\/\/www.thales-srl.com.ar\/index.php?rest_route=\/wp\/v2\/pages\/160\/revisions\/230"}],"wp:featuredmedia":[{"embeddable":true,"href":"https:\/\/www.thales-srl.com.ar\/index.php?rest_route=\/wp\/v2\/media\/229"}],"wp:attachment":[{"href":"https:\/\/www.thales-srl.com.ar\/index.php?rest_route=%2Fwp%2Fv2%2Fmedia&parent=160"}],"curies":[{"name":"wp","href":"https:\/\/api.w.org\/{rel}","templated":true}]}}