{"id":97,"date":"2021-07-05T23:24:59","date_gmt":"2021-07-06T02:24:59","guid":{"rendered":"http:\/\/www.thales-srl.com.ar\/?page_id=97"},"modified":"2021-10-14T15:49:46","modified_gmt":"2021-10-14T18:49:46","slug":"una-empresa-con-mas-de-29-anos-de-experiencia","status":"publish","type":"page","link":"https:\/\/www.thales-srl.com.ar\/?page_id=97","title":{"rendered":"Con m\u00e1s de 25 a\u00f1os de experiencia"},"content":{"rendered":"\n<p>THALES SRL es una PYME local con m\u00e1s de 25 a\u00f1os en el sector hidrocarbur\u00edfero, cuya meta primordial es la Mejora Continua para lograr la satisfacci\u00f3n de nuestros clientes, basados en la Experiencia, Calidad, Innovaci\u00f3n, Flexibilidad, Velocidad de Respuesta y Capital Humano.<\/p>\n\n\n\n<p><\/p>\n\n\n\n<p><strong>\u00bfQu\u00e9 hacemos?<\/strong><\/p>\n\n\n\n<p>Proveemos servicios de Slickline y Productos para la industria del Oil &amp; Gas.<\/p>\n\n\n\n<p>Nuestros servicios de slickline cubren: eliminaci\u00f3n b\u00e1sica de incrustaciones, acumulaci\u00f3n de parafina y arena, maniobra con tapones, movimiento de v\u00e1lvulas, mediciones con memory, &nbsp;pescas y otras aplicaciones complejas de pozos.<\/p>\n\n\n\n<p>Nuestros productos incluyen: v\u00e1lvulas reguladoras de caudal de superficie y fondo de pozo, filtros de superficie, crossovers, sistemas de inyecci\u00f3n para pol\u00edmeros y sistemas de flow control entre otros.<\/p>\n","protected":false},"excerpt":{"rendered":"<p>THALES SRL es una PYME local con m\u00e1s de 25 a\u00f1os en el sector hidrocarbur\u00edfero, cuya meta primordial es la Mejora Continua para lograr la satisfacci\u00f3n de nuestros clientes, basados&hellip;<a href=\"https:\/\/www.thales-srl.com.ar\/?page_id=97\" class=\"more-link\"><span class=\"more-button\">Continuar leyendo<span class=\"screen-reader-text\">Con m\u00e1s de 25 a\u00f1os de experiencia<\/span><\/span><\/a><\/p>\n","protected":false},"author":1,"featured_media":40,"parent":0,"menu_order":0,"comment_status":"closed","ping_status":"closed","template":"templates\/full-width-page.php","meta":{"footnotes":""},"class_list":["post-97","page","type-page","status-publish","has-post-thumbnail","hentry"],"_links":{"self":[{"href":"https:\/\/www.thales-srl.com.ar\/index.php?rest_route=\/wp\/v2\/pages\/97","targetHints":{"allow":["GET"]}}],"collection":[{"href":"https:\/\/www.thales-srl.com.ar\/index.php?rest_route=\/wp\/v2\/pages"}],"about":[{"href":"https:\/\/www.thales-srl.com.ar\/index.php?rest_route=\/wp\/v2\/types\/page"}],"author":[{"embeddable":true,"href":"https:\/\/www.thales-srl.com.ar\/index.php?rest_route=\/wp\/v2\/users\/1"}],"replies":[{"embeddable":true,"href":"https:\/\/www.thales-srl.com.ar\/index.php?rest_route=%2Fwp%2Fv2%2Fcomments&post=97"}],"version-history":[{"count":6,"href":"https:\/\/www.thales-srl.com.ar\/index.php?rest_route=\/wp\/v2\/pages\/97\/revisions"}],"predecessor-version":[{"id":207,"href":"https:\/\/www.thales-srl.com.ar\/index.php?rest_route=\/wp\/v2\/pages\/97\/revisions\/207"}],"wp:featuredmedia":[{"embeddable":true,"href":"https:\/\/www.thales-srl.com.ar\/index.php?rest_route=\/wp\/v2\/media\/40"}],"wp:attachment":[{"href":"https:\/\/www.thales-srl.com.ar\/index.php?rest_route=%2Fwp%2Fv2%2Fmedia&parent=97"}],"curies":[{"name":"wp","href":"https:\/\/api.w.org\/{rel}","templated":true}]}}